{"id":1066,"date":"2018-10-10T18:37:20","date_gmt":"2018-10-10T18:37:20","guid":{"rendered":"https:\/\/sunway.freevision.me\/?page_id=1066"},"modified":"2024-11-07T21:07:10","modified_gmt":"2024-11-07T19:07:10","slug":"t-t-d","status":"publish","type":"page","link":"https:\/\/horizonhotel.gr\/de\/t-t-d\/","title":{"rendered":"T.T.D."},"content":{"rendered":"<div class=\"wpb-content-wrapper\"><div data-vc-full-width=\"true\" data-vc-full-width-init=\"false\" data-vc-parallax=\"1.5\" data-vc-parallax-image=\"https:\/\/horizonhotel.gr\/wp-content\/uploads\/2024\/10\/plakias-swimming.png\" class=\"vc_row wpb_row vc_row-fluid vc_custom_1728135297875 vc_row-has-fill vc_column-gap-0 vc_row-o-content-middle vc_row-flex vc_general vc_parallax vc_parallax-content-moving\"><div class=\"wpb_column vc_column_container vc_col-sm-12\"><div class=\"vc_column-inner\"><div class=\"wpb_wrapper\"><h1 style=\"color: #ffffff;text-align: center;font-family:Playfair Display;font-weight:400;font-style:normal\" class=\"vc_custom_heading\" >Aktivit\u00e4ten in der Umgebung<\/h1><h4 style=\"color: #c19b76;text-align: center;font-family:Playfair Display;font-weight:400;font-style:italic\" class=\"vc_custom_heading\" >Plakias und Umgebung<\/h4><\/div><\/div><\/div><\/div><div class=\"vc_row-full-width vc_clearfix\"><\/div><div class=\"vc_row wpb_row vc_row-fluid vc_custom_1543003836186 vc_column-gap-0\"><div class=\"wpb_column vc_column_container vc_col-sm-12\"><div class=\"vc_column-inner\"><div class=\"wpb_wrapper\"><h2 style=\"text-align: center\" class=\"vc_custom_heading vc_custom_1727420280562\" ><\/h2><div class=\"vc_row wpb_row vc_inner vc_row-fluid vc_custom_1543003651066\"><div class=\"wpb_column vc_column_container vc_col-sm-6\"><div class=\"vc_column-inner\"><div class=\"wpb_wrapper\">\r\n\t<div  class=\"wpb_single_image wpb_content_element vc_align_center\">\r\n\t\t\r\n\t\t<figure class=\"wpb_wrapper vc_figure\">\r\n\t\t\t<div class=\"vc_single_image-wrapper img-wrapper   vc_box_border_grey\"><img loading=\"lazy\" decoding=\"async\" width=\"1280\" height=\"854\" src=\"https:\/\/horizonhotel.gr\/wp-content\/uploads\/2024\/10\/Common-4-smaller.jpg\" class=\"vc_single_image-img attachment-full\" alt=\"\" title=\"Common -4-smaller\" srcset=\"https:\/\/horizonhotel.gr\/wp-content\/uploads\/2024\/10\/Common-4-smaller.jpg 1280w, https:\/\/horizonhotel.gr\/wp-content\/uploads\/2024\/10\/Common-4-smaller-300x200.jpg 300w, https:\/\/horizonhotel.gr\/wp-content\/uploads\/2024\/10\/Common-4-smaller-1024x683.jpg 1024w, https:\/\/horizonhotel.gr\/wp-content\/uploads\/2024\/10\/Common-4-smaller-768x512.jpg 768w, https:\/\/horizonhotel.gr\/wp-content\/uploads\/2024\/10\/Common-4-smaller-1144x763.jpg 1144w\" sizes=\"auto, (max-width: 1280px) 100vw, 1280px\" \/><\/div>\r\n\t\t<\/figure>\r\n\t<\/div>\r\n<div id=\"oabx-1\" style=\"--data-bgcolor:rgba(0,0,0,0.7)\" class=\"ozy-arrow_box arrow-TOP\"><\/p>\n<h4 style=\"text-align: center;\">Plakias<\/h4>\n<p class=\"translation-block\">Plakias ist ein charmantes K\u00fcstendorf an der S\u00fcdk\u00fcste Kretas, bekannt f\u00fcr seine beeindruckenden Str\u00e4nde und seine lebhafte Atmosph\u00e4re. Zu den Highlights z\u00e4hlen der <strong>Souda Beach<\/strong>, ber\u00fchmt f\u00fcr sein klares Wasser; der <strong>Fotinari Beach<\/strong>; das <strong>Limanaki<\/strong>, ein malerischer Ort, der sich ideal f\u00fcr Familien eignet, und der <strong>Paligkremnos Beach<\/strong>, der f\u00fcr seine nat\u00fcrliche Sch\u00f6nheit und einzigartige Landschaft bekannt ist. Jeder dieser Str\u00e4nde bietet die perfekte Kulisse zum Sonnenbaden, Schwimmen und Genie\u00dfen der ruhigen Mittelmeerumgebung.<\/p>\n<p class=\"translation-block\">Neben seiner nat\u00fcrlichen Sch\u00f6nheit ist Plakias mit wichtigen Dienstleistungen gut ausgestattet. Im Dorf gibt es <strong>Apotheken<\/strong>, <strong>\u00c4rzte<\/strong>, ein Postamt und Superm\u00e4rkte sowie viele Restaurants, Caf\u00e9s und Strandbars. Plakias bietet eine harmonische Mischung aus Entspannung und Komfort, was es zu einem idealen Reiseziel f\u00fcr Familien, Paare und Alleinreisende macht.<\/div><div class=\"vc_empty_space\"   style=\"height: 30px\"><span class=\"vc_empty_space_inner\"><\/span><\/div>\r\n\t<div  class=\"wpb_single_image wpb_content_element vc_align_center\">\r\n\t\t\r\n\t\t<figure class=\"wpb_wrapper vc_figure\">\r\n\t\t\t<div class=\"vc_single_image-wrapper img-wrapper   vc_box_border_grey\"><img loading=\"lazy\" decoding=\"async\" width=\"1783\" height=\"1196\" src=\"https:\/\/horizonhotel.gr\/wp-content\/uploads\/2024\/11\/amoudaki1.jpg\" class=\"vc_single_image-img attachment-full\" alt=\"Damnoni beach, Ammoudaki beach\" title=\"amoudaki1\" srcset=\"https:\/\/horizonhotel.gr\/wp-content\/uploads\/2024\/11\/amoudaki1.jpg 1783w, https:\/\/horizonhotel.gr\/wp-content\/uploads\/2024\/11\/amoudaki1-300x201.jpg 300w, https:\/\/horizonhotel.gr\/wp-content\/uploads\/2024\/11\/amoudaki1-1024x687.jpg 1024w, https:\/\/horizonhotel.gr\/wp-content\/uploads\/2024\/11\/amoudaki1-768x515.jpg 768w, https:\/\/horizonhotel.gr\/wp-content\/uploads\/2024\/11\/amoudaki1-1536x1030.jpg 1536w, https:\/\/horizonhotel.gr\/wp-content\/uploads\/2024\/11\/amoudaki1-18x12.jpg 18w, https:\/\/horizonhotel.gr\/wp-content\/uploads\/2024\/11\/amoudaki1-1144x767.jpg 1144w\" sizes=\"auto, (max-width: 1783px) 100vw, 1783px\" \/><\/div>\r\n\t\t<\/figure>\r\n\t<\/div>\r\n<div id=\"oabx-2\" style=\"--data-bgcolor:rgba(0,0,0,0.7)\" class=\"ozy-arrow_box arrow-TOP\"><\/p>\n<h4 style=\"text-align: center;\">Str\u00e4nde<\/h4>\n<p>In der N\u00e4he von Plakias k\u00f6nnen Sie weitere Str\u00e4nde und beeindruckende Landschaften erkunden und so einen entspannten Tag am Meer verbringen.<\/p>\n<p class=\"translation-block\"><strong>Ammoudi Beach<\/strong> (ca. 4 km von Plakias entfernt) verf\u00fcgt \u00fcber feinen Sand und ist teilweise organisiert, mit Sonnenschirmen und einer kleinen Kantine. <strong>Damnoni Beach<\/strong> (3 km entfernt) ist bekannt f\u00fcr seinen weichen Sand und das t\u00fcrkisfarbene Wasser und ist vollst\u00e4ndig organisiert mit Liegen, Sonnenschirmen und Restaurants. <strong>Schinaria Beach<\/strong> (ca. 7 km von Plakias entfernt) bietet klares Wasser, das ideal zum Schnorcheln ist, mit einer Mischung aus Sand und Kies; er ist halb organisiert und hat auch eine Taverne.<\/p>\n<p class=\"translation-block\"><strong>Ammoudaki Beach<\/strong> (4 km von Plakias entfernt) ist ein kleiner, charmante Strand mit feinem Sand, der bei denen beliebt ist, die einen ruhigeren und nat\u00fcrlicheren Ort suchen; er verf\u00fcgt \u00fcber Sonnenschirme und eine Snackbar. <strong>Korakas Beach<\/strong> (9 km entfernt) im nahegelegenen Dorf Rodakino bietet eine lange Sandk\u00fcste und ist teilweise organisiert, mit einigen Tavernen in der N\u00e4he. <strong>Peristeres Beach<\/strong>, etwas weiter entfernt, ist abgelegener und hat eine Mischung aus Sand und Kies, ideal f\u00fcr diejenigen, die Privatsph\u00e4re suchen; er ist weniger organisiert, sodass Besucher vorbereitet sein sollten.<\/p>\n<p>Diese Str\u00e4nde bereichern das Erlebnis in Plakias und bieten eine Mischung aus organisierten Orten mit Einrichtungen und unber\u00fchrten, nat\u00fcrlichen Umgebungen. Nat\u00fcrlich enden die Str\u00e4nde und Tavernen hier nicht. Wenn Sie bereit sind, weiterzufahren, k\u00f6nnen Sie weitere Str\u00e4nde wie den Preveli-Palmstrand, Frangokastelo, den Ligres-Strand und andere erkunden.<\/div><\/div><\/div><\/div><div class=\"wpb_column vc_column_container vc_col-sm-6\"><div class=\"vc_column-inner\"><div class=\"wpb_wrapper\">\r\n\t<div  class=\"wpb_single_image wpb_content_element vc_align_center\">\r\n\t\t\r\n\t\t<figure class=\"wpb_wrapper vc_figure\">\r\n\t\t\t<div class=\"vc_single_image-wrapper img-wrapper   vc_box_border_grey\"><img loading=\"lazy\" decoding=\"async\" width=\"995\" height=\"646\" src=\"https:\/\/horizonhotel.gr\/wp-content\/uploads\/2024\/11\/diving.png\" class=\"vc_single_image-img attachment-full\" alt=\"\" title=\"diving\" srcset=\"https:\/\/horizonhotel.gr\/wp-content\/uploads\/2024\/11\/diving.png 995w, https:\/\/horizonhotel.gr\/wp-content\/uploads\/2024\/11\/diving-300x195.png 300w, https:\/\/horizonhotel.gr\/wp-content\/uploads\/2024\/11\/diving-768x499.png 768w, https:\/\/horizonhotel.gr\/wp-content\/uploads\/2024\/11\/diving-18x12.png 18w\" sizes=\"auto, (max-width: 995px) 100vw, 995px\" \/><\/div>\r\n\t\t<\/figure>\r\n\t<\/div>\r\n<div id=\"oabx-3\" style=\"--data-bgcolor:rgba(0,0,0,0.7)\" class=\"ozy-arrow_box arrow-TOP\"><\/p>\n<h4 style=\"text-align: center;\">Aktivit\u00e4ten<\/h4>\n<p>Es gibt eine gro\u00dfe Auswahl an Aktivit\u00e4ten, um K\u00f6rper und Geist zu entspannen:<\/p>\n<p><strong>Walking \/ Cycling \/ Jogging<\/strong><\/p>\n<p>Walkers and cyclists can follow beautiful routes through magnificent scenery and enjoy the feeling of freedom within the unlimited nature. Joggers will be happy to jog along the coast of approximate 3km even level, and even longer distances if enjoying uneven routes.<\/p>\n<p><strong>Exploration \/ Gastronomy<\/strong><br \/>\nMeet the astonishing wild nature of South Crete while passing by or hiking through gorges, climbing up on mountain tops, wandering by rivers and in between palm trees. Take a culinary journey among the wide variety of traditional dishes offered by tavernas and kafenia or wine tasting in the area. The olive oil and overall the Cretan cuisine is famous around the world.<\/p>\n<p><strong>Scuba Diving \/ Water Sports \/ Boat trips<\/strong><br \/>\nJoin local diving schools and discover the majestic beauty of the underwater world. The area is also ideal for water activities such wind surfing or sea kayaking. Right beside the hotel, there is a newly built marina and from the little port in town there are daily boat trips to nearby beaches.<\/p>\n<p><strong>Reiten<\/strong><br \/>\nHorse riding\u00a0is offered within olive groves or along the beach under the guidance of professionals.<\/p>\n<p><strong>Bird Watching<\/strong><br \/>\nBirdwatchers will find a rich landscape around this area to observe most of the birds of the Cretan wildlife.<\/div><div class=\"vc_empty_space\"   style=\"height: 30px\"><span class=\"vc_empty_space_inner\"><\/span><\/div>\r\n\t<div  class=\"wpb_single_image wpb_content_element vc_align_center\">\r\n\t\t\r\n\t\t<figure class=\"wpb_wrapper vc_figure\">\r\n\t\t\t<div class=\"vc_single_image-wrapper img-wrapper   vc_box_border_grey\"><img loading=\"lazy\" decoding=\"async\" width=\"1784\" height=\"1024\" src=\"https:\/\/horizonhotel.gr\/wp-content\/uploads\/2024\/11\/preveli-monastery.png\" class=\"vc_single_image-img attachment-full\" alt=\"Preveli monastery, Crete\" title=\"preveli-monastery\" srcset=\"https:\/\/horizonhotel.gr\/wp-content\/uploads\/2024\/11\/preveli-monastery.png 1784w, https:\/\/horizonhotel.gr\/wp-content\/uploads\/2024\/11\/preveli-monastery-300x172.png 300w, https:\/\/horizonhotel.gr\/wp-content\/uploads\/2024\/11\/preveli-monastery-1024x588.png 1024w, https:\/\/horizonhotel.gr\/wp-content\/uploads\/2024\/11\/preveli-monastery-768x441.png 768w, https:\/\/horizonhotel.gr\/wp-content\/uploads\/2024\/11\/preveli-monastery-1536x882.png 1536w, https:\/\/horizonhotel.gr\/wp-content\/uploads\/2024\/11\/preveli-monastery-18x10.png 18w, https:\/\/horizonhotel.gr\/wp-content\/uploads\/2024\/11\/preveli-monastery-1144x657.png 1144w\" sizes=\"auto, (max-width: 1784px) 100vw, 1784px\" \/><\/div>\r\n\t\t<\/figure>\r\n\t<\/div>\r\n<div id=\"oabx-4\" style=\"--data-bgcolor:rgba(0,0,0,0.7)\" class=\"ozy-arrow_box arrow-TOP\"><\/p>\n<h4 style=\"text-align: center;\">Preveli Kloster<\/h4>\n<p><strong>Preveli Kloster<\/strong>, etwa 17 km \u00f6stlich von Plakias gelegen, ist eine der bedeutendsten religi\u00f6sen St\u00e4tten Kretas. Dieses historische Kloster thront auf einem H\u00fcgel mit Panoramablick auf das Libysche Meer und ist in zwei Hauptkomplexe unterteilt: das Untere Kloster des Heiligen Johannes des T\u00e4ufers und das Obere Kloster des Heiligen Johannes des Theologen. Bekannt f\u00fcr seine reiche Geschichte, die bis ins 16. oder 17. Jahrhundert zur\u00fcckreicht, spielte Preveli eine wichtige Rolle in verschiedenen Widerstandsperioden, einschlie\u00dflich w\u00e4hrend des Zweiten Weltkriegs. Besucher k\u00f6nnen die sch\u00f6ne Kirche, das Museum mit religi\u00f6sen Artefakten und die friedlichen Innenh\u00f6fe erkunden und dabei die atemberaubenden Ausblicke und die spirituelle Atmosph\u00e4re genie\u00dfen, die es zu einem einzigartigen und unvergesslichen Ort machen.<\/div><\/div><\/div><\/div><\/div><\/div><\/div><\/div><\/div>\n<\/div>","protected":false},"excerpt":{"rendered":"Things To Do AroundPlakias And Surroundings Plakias Plakias is a charming coastal village located on the southern coast of Crete, renowned for its stunning beaches and vibrant atmosphere. Among the [...]","protected":false},"author":2,"featured_media":0,"parent":0,"menu_order":0,"comment_status":"closed","ping_status":"closed","template":"page-transparent-menu.php","meta":{"footnotes":""},"class_list":["post-1066","page","type-page","status-publish","hentry",null],"_links":{"self":[{"href":"https:\/\/horizonhotel.gr\/de\/wp-json\/wp\/v2\/pages\/1066","targetHints":{"allow":["GET"]}}],"collection":[{"href":"https:\/\/horizonhotel.gr\/de\/wp-json\/wp\/v2\/pages"}],"about":[{"href":"https:\/\/horizonhotel.gr\/de\/wp-json\/wp\/v2\/types\/page"}],"author":[{"embeddable":true,"href":"https:\/\/horizonhotel.gr\/de\/wp-json\/wp\/v2\/users\/2"}],"replies":[{"embeddable":true,"href":"https:\/\/horizonhotel.gr\/de\/wp-json\/wp\/v2\/comments?post=1066"}],"version-history":[{"count":17,"href":"https:\/\/horizonhotel.gr\/de\/wp-json\/wp\/v2\/pages\/1066\/revisions"}],"predecessor-version":[{"id":2593,"href":"https:\/\/horizonhotel.gr\/de\/wp-json\/wp\/v2\/pages\/1066\/revisions\/2593"}],"wp:attachment":[{"href":"https:\/\/horizonhotel.gr\/de\/wp-json\/wp\/v2\/media?parent=1066"}],"curies":[{"name":"wp","href":"https:\/\/api.w.org\/{rel}","templated":true}]}}